{"id":2,"date":"2025-12-20T15:35:23","date_gmt":"2025-12-20T15:35:23","guid":{"rendered":"https:\/\/pokegema.com\/?page_id=2"},"modified":"2026-02-20T12:19:36","modified_gmt":"2026-02-20T11:19:36","slug":"quienes-somos","status":"publish","type":"page","link":"https:\/\/pokegema.com\/?page_id=2","title":{"rendered":"Quienes somos"},"content":{"rendered":"\n<p><\/p>\n\n\n\n<div class=\"wp-block-group is-vertical is-content-justification-center is-layout-flex wp-container-core-group-is-layout-ce155fab wp-block-group-is-layout-flex\">\n<p data-wp-context---core-fit-text=\"core\/fit-text::{&quot;fontSize&quot;:&quot;&quot;}\" data-wp-init---core-fit-text=\"core\/fit-text::callbacks.init\" data-wp-interactive data-wp-style--font-size=\"core\/fit-text::context.fontSize\" class=\"has-fit-text has-luminous-vivid-amber-color has-text-color has-link-color wp-elements-aec76a1763edd5242d5367449519c6ce\">Quienes Somos<\/p>\n<\/div>\n\n\n\n<p>Buenas mundo, somos PokeGeMa, una tienda creada por dos socios apasionados por el TGC de Pok\u00e9mon.<\/p>\n\n\n\n<p>Nosotros queremos ser parte de la comunidad de TGC, y extender nuestra comunidad, la de todos, para englobar a m\u00e1s usuarios. <\/p>\n\n\n\n<p> Nosotros no solo vendemos cartas; somos entrenadores y coleccionistas que entienden que cada sobre abierto es una oportunidad de encontrar una pieza para nuestra historia.<\/p>\n\n\n\n<p> Nuestra misi\u00f3n es conectar a la comunidad con las mejores colecciones de Pok\u00e9mon TCG, tanto de hoy, ayer y ma\u00f1ana, garantizando autenticidad y una experiencia de compra impecable.<\/p>\n\n\n\n<div class=\"wp-block-group is-vertical is-layout-flex wp-container-core-group-is-layout-fe9cc265 wp-block-group-is-layout-flex\">\n<p data-wp-context---core-fit-text=\"core\/fit-text::{&quot;fontSize&quot;:&quot;&quot;}\" data-wp-init---core-fit-text=\"core\/fit-text::callbacks.init\" data-wp-interactive data-wp-style--font-size=\"core\/fit-text::context.fontSize\" class=\"has-fit-text has-luminous-vivid-amber-color has-text-color has-link-color wp-elements-e9fa0ad87df2346fac3009ef3f0462cc\">Nuestra Especialidad: El Coraz\u00f3n de las Colecciones<\/p>\n<\/div>\n\n\n\n<p>Como compa\u00f1\u00eda, queremos diferenciarnos con nuestro enfoque de producto. En PokeGeMa queremos diferenciarnos con nuestro enfoque estrat\u00e9gico en el cat\u00e1logo. Entendemos que el mercado de Pok\u00e9mon TCG es vibrante y evolutivo, por eso nos centramos en dos pilares fundamentales:<\/p>\n\n\n\n<ul class=\"wp-block-list\">\n<li><strong>Colecciones Actuales:<\/strong> Mantenemos un stock actualizado con las \u00faltimas expansiones de la era. Desde <em>Elite Trainer Boxes (ETB)<\/em> hasta <em>Booster Displays<\/em>. Queremos asegurarnos de que tengas acceso a las cartas m\u00e1s competitivas y buscadas del momento, y ser tus compa\u00f1eros en tu construcci\u00f3n  de tu colecci\u00f3n.<\/li>\n\n\n\n<li><strong>Colecciones Antiguas: <\/strong>Ofreceremos un stock limitados de colecciones antiguas, para poder ayudar a los m\u00e1s coleccionistas a completar sus sets de colecciones m\u00e1s antiguas<\/li>\n\n\n\n<li><strong>Mirada en el Futuro:<\/strong> El coleccionismo es anticipaci\u00f3n. En <strong>Pokegema<\/strong>, trabajamos estrechamente con distribuidores oficiales para ofrecer las colecciones lo antes posible. Queremos que seas el primero en asegurar las pr\u00f3ximas expansiones japonesas y occidentales antes de que se agoten.<\/li>\n<\/ul>\n\n\n\n<div class=\"wp-block-group is-vertical is-content-justification-center is-layout-flex wp-container-core-group-is-layout-ce155fab wp-block-group-is-layout-flex\">\n<p data-wp-context---core-fit-text=\"core\/fit-text::{&quot;fontSize&quot;:&quot;&quot;}\" data-wp-init---core-fit-text=\"core\/fit-text::callbacks.init\" data-wp-interactive data-wp-style--font-size=\"core\/fit-text::context.fontSize\" class=\"has-fit-text has-luminous-vivid-amber-color has-text-color has-link-color wp-elements-58ceaad6a390da88981ced872807cf9c\">\u00bfPor qu\u00e9 elegirnos?<\/p>\n<\/div>\n\n\n\n<p>Sabemos que en el mundo de los TCG, los detalles importan. Por eso, nuestro compromiso contigo incluye:<\/p>\n\n\n\n<ol start=\"1\" class=\"wp-block-list\">\n<li><strong>Garant\u00eda de Autenticidad:<\/strong> Producto 100% original y sellado de f\u00e1brica. Aqu\u00ed no hay espacio para las imitaciones.<\/li>\n\n\n\n<li><strong>Env\u00edo Protegido:<\/strong> Como coleccionistas sabemos lo que duele una esquina doblada. Utilizamos embalaje reforzado y adecuado para que tus productos lleguen en estado <em>Mint<\/em>.<\/li>\n\n\n\n<li><strong>Comunidad Primero:<\/strong> Estamos siempre atentos a los anuncios de <em>The Pok\u00e9mon Company<\/em> para actualizar nuestro cat\u00e1logo en tiempo r\u00e9cord.<\/li>\n<\/ol>\n\n\n\n<blockquote class=\"wp-block-quote is-layout-flow wp-block-quote-is-layout-flow\">\n<p><em>\u00abNuestra meta es convertirnos en el destino n\u00famero uno para los coleccionistas que buscan no solo completar su Pok\u00e9dex, sino tambi\u00e9n invertir en el futuro del TCG.\u00bb<\/em><\/p>\n<\/blockquote>\n\n\n\n<div class=\"wp-block-group is-vertical is-content-justification-center is-layout-flex wp-container-core-group-is-layout-ce155fab wp-block-group-is-layout-flex\">\n<p data-wp-context---core-fit-text=\"core\/fit-text::{&quot;fontSize&quot;:&quot;&quot;}\" data-wp-init---core-fit-text=\"core\/fit-text::callbacks.init\" data-wp-interactive data-wp-style--font-size=\"core\/fit-text::context.fontSize\" class=\"has-fit-text has-luminous-vivid-amber-color has-text-color has-link-color wp-elements-140d76ce35145342e78e15fd549f6539\">\u00danete a la Aventura<\/p>\n<\/div>\n\n\n\n<p>Ya seas un jugador competitivo buscando el pr\u00f3ximo <em>meta<\/em> o un coleccionista de \u00abMaster Sets\u00bb, estamos aqu\u00ed para ayudarte a encontrar esa carta especial. El viaje Pok\u00e9mon nunca termina, y las pr\u00f3ximas colecciones prometen ser legendarias. <strong>\u00bfEst\u00e1s listo para el pr\u00f3ximo lanzamiento?<\/strong><\/p>\n\n\n\n<p><\/p>\n","protected":false},"excerpt":{"rendered":"<p>Quienes Somos Buenas mundo, somos PokeGeMa, una tienda creada por dos socios apasionados por el TGC de Pok\u00e9mon. Nosotros queremos ser parte de la comunidad de TGC, y extender nuestra comunidad, la de todos, para englobar a m\u00e1s usuarios. Nosotros no solo vendemos cartas; somos entrenadores y coleccionistas que entienden que cada sobre abierto es [&hellip;]<\/p>\n","protected":false},"author":1,"featured_media":0,"parent":0,"menu_order":0,"comment_status":"closed","ping_status":"closed","template":"template-homepage.php","meta":{"footnotes":""},"class_list":["post-2","page","type-page","status-publish","hentry"],"_links":{"self":[{"href":"https:\/\/pokegema.com\/index.php?rest_route=\/wp\/v2\/pages\/2","targetHints":{"allow":["GET"]}}],"collection":[{"href":"https:\/\/pokegema.com\/index.php?rest_route=\/wp\/v2\/pages"}],"about":[{"href":"https:\/\/pokegema.com\/index.php?rest_route=\/wp\/v2\/types\/page"}],"author":[{"embeddable":true,"href":"https:\/\/pokegema.com\/index.php?rest_route=\/wp\/v2\/users\/1"}],"replies":[{"embeddable":true,"href":"https:\/\/pokegema.com\/index.php?rest_route=%2Fwp%2Fv2%2Fcomments&post=2"}],"version-history":[{"count":4,"href":"https:\/\/pokegema.com\/index.php?rest_route=\/wp\/v2\/pages\/2\/revisions"}],"predecessor-version":[{"id":125,"href":"https:\/\/pokegema.com\/index.php?rest_route=\/wp\/v2\/pages\/2\/revisions\/125"}],"wp:attachment":[{"href":"https:\/\/pokegema.com\/index.php?rest_route=%2Fwp%2Fv2%2Fmedia&parent=2"}],"curies":[{"name":"wp","href":"https:\/\/api.w.org\/{rel}","templated":true}]}}