{"id":6,"date":"2025-12-19T15:35:27","date_gmt":"2025-12-19T14:35:27","guid":{"rendered":"https:\/\/pokegema.com\/?page_id=6"},"modified":"2026-02-05T22:13:58","modified_gmt":"2026-02-05T21:13:58","slug":"cart","status":"publish","type":"page","link":"https:\/\/pokegema.com\/?page_id=6","title":{"rendered":"Carrito"},"content":{"rendered":"\n<div data-block-name=\"woocommerce\/cart\" class=\"wp-block-woocommerce-cart alignwide is-loading\">\n<div data-block-name=\"woocommerce\/filled-cart-block\" class=\"wp-block-woocommerce-filled-cart-block\">\n<div data-block-name=\"woocommerce\/cart-items-block\" class=\"wp-block-woocommerce-cart-items-block\">\n<div data-block-name=\"woocommerce\/cart-line-items-block\" class=\"wp-block-woocommerce-cart-line-items-block\"><\/div>\n\n\n<\/div>\n\n\n\n<div data-block-name=\"woocommerce\/cart-totals-block\" class=\"wp-block-woocommerce-cart-totals-block\">\n<div data-block-name=\"woocommerce\/cart-order-summary-block\" class=\"wp-block-woocommerce-cart-order-summary-block\">\n<div data-block-name=\"woocommerce\/cart-order-summary-heading-block\" data-content=\"Total\" class=\"wp-block-woocommerce-cart-order-summary-heading-block\"><\/div>\n\n\n\n<div data-block-name=\"woocommerce\/cart-order-summary-coupon-form-block\" class=\"wp-block-woocommerce-cart-order-summary-coupon-form-block\"><\/div>\n\n\n\n<div data-block-name=\"woocommerce\/cart-order-summary-totals-block\" class=\"wp-block-woocommerce-cart-order-summary-totals-block\">\n<div data-block-name=\"woocommerce\/cart-order-summary-subtotal-block\" class=\"wp-block-woocommerce-cart-order-summary-subtotal-block\"><\/div>\n\n\n\n<div data-block-name=\"woocommerce\/cart-order-summary-fee-block\" class=\"wp-block-woocommerce-cart-order-summary-fee-block\"><\/div>\n\n\n\n<div data-block-name=\"woocommerce\/cart-order-summary-discount-block\" class=\"wp-block-woocommerce-cart-order-summary-discount-block\"><\/div>\n\n\n\n<div data-block-name=\"woocommerce\/cart-order-summary-shipping-block\" class=\"wp-block-woocommerce-cart-order-summary-shipping-block\"><\/div>\n\n\n\n<div data-block-name=\"woocommerce\/cart-order-summary-taxes-block\" class=\"wp-block-woocommerce-cart-order-summary-taxes-block\"><\/div>\n<\/div>\n<\/div>\n\n\n\n<div data-block-name=\"woocommerce\/cart-express-payment-block\" class=\"wp-block-woocommerce-cart-express-payment-block\"><\/div>\n\n\n\n<div data-block-name=\"woocommerce\/proceed-to-checkout-block\" class=\"wp-block-woocommerce-proceed-to-checkout-block\"><\/div>\n\n\n\n<div data-block-name=\"woocommerce\/cart-accepted-payment-methods-block\" class=\"wp-block-woocommerce-cart-accepted-payment-methods-block\"><\/div>\n<\/div>\n<\/div>\n\n\n\n<div data-block-name=\"woocommerce\/empty-cart-block\" class=\"wp-block-woocommerce-empty-cart-block\">\n<h2 class=\"wp-block-heading has-text-align-center with-empty-cart-icon wc-block-cart__empty-cart__title\">El Carro est\u00e1 vac\u00edo<\/h2>\n\n\n\n<hr class=\"wp-block-separator has-alpha-channel-opacity is-style-dots\"\/>\n\n\n\n<h2 class=\"wp-block-heading has-text-align-center\">New in store<\/h2>\n\n\n<div data-block-name=\"woocommerce\/product-new\" data-columns=\"4\" data-rows=\"1\" class=\"wc-block-grid wp-block-product-new wp-block-woocommerce-product-new wc-block-product-new has-4-columns\"><ul class=\"wc-block-grid__products\"><li class=\"wc-block-grid__product\">\n\t\t\t\t<a href=\"https:\/\/pokegema.com\/?product=coleccion-especial-charizard-ex-espanol\" class=\"wc-block-grid__product-link\">\n\t\t\t\t\t\n\t\t\t\t\t<div class=\"wc-block-grid__product-image\"><img loading=\"lazy\" decoding=\"async\" width=\"324\" height=\"324\" src=\"https:\/\/pokegema.com\/wp-content\/uploads\/2026\/02\/img_409749_f276ea422712ab0d9fe7f166613a9a0d_20-324x324.jpg\" class=\"attachment-woocommerce_thumbnail size-woocommerce_thumbnail\" alt=\"Colecci\u00f3n Especial Charizard ex (Espa\u00f1ol)\" srcset=\"https:\/\/pokegema.com\/wp-content\/uploads\/2026\/02\/img_409749_f276ea422712ab0d9fe7f166613a9a0d_20-324x324.jpg 324w, https:\/\/pokegema.com\/wp-content\/uploads\/2026\/02\/img_409749_f276ea422712ab0d9fe7f166613a9a0d_20-300x300.jpg 300w, https:\/\/pokegema.com\/wp-content\/uploads\/2026\/02\/img_409749_f276ea422712ab0d9fe7f166613a9a0d_20-150x150.jpg 150w, https:\/\/pokegema.com\/wp-content\/uploads\/2026\/02\/img_409749_f276ea422712ab0d9fe7f166613a9a0d_20-416x416.jpg 416w, https:\/\/pokegema.com\/wp-content\/uploads\/2026\/02\/img_409749_f276ea422712ab0d9fe7f166613a9a0d_20-100x100.jpg 100w, https:\/\/pokegema.com\/wp-content\/uploads\/2026\/02\/img_409749_f276ea422712ab0d9fe7f166613a9a0d_20.jpg 500w\" sizes=\"auto, (max-width: 324px) 100vw, 324px\" \/><\/div>\n\t\t\t\t\t<div class=\"wc-block-grid__product-title\">Colecci\u00f3n Especial Charizard ex (Espa\u00f1ol)<\/div>\n\t\t\t\t<\/a>\n\t\t\t\t<div class=\"wc-block-grid__product-price price\"><span class=\"woocommerce-Price-amount amount\">54,95&nbsp;<span class=\"woocommerce-Price-currencySymbol\">&euro;<\/span><\/span> <small class=\"woocommerce-price-suffix\">Iva Incluido<\/small><\/div>\n\t\t\t\t\n\t\t\t\t<div class=\"wp-block-button wc-block-grid__product-add-to-cart\"><a href=\"\/index.php?rest_route=%2Fwp%2Fv2%2Fpages%2F6&#038;add-to-cart=121\" aria-label=\"A\u00f1adir al carrito: &ldquo;Colecci\u00f3n Especial Charizard ex (Espa\u00f1ol)&rdquo;\" data-quantity=\"1\" data-product_id=\"121\" data-product_sku=\"\" data-price=\"54.95\" rel=\"nofollow\" class=\"wp-block-button__link  add_to_cart_button ajax_add_to_cart\">A\u00f1adir al carrito<\/a><\/div>\n\t\t\t<\/li><li class=\"wc-block-grid__product\">\n\t\t\t\t<a href=\"https:\/\/pokegema.com\/?product=booster-box-tempestad-plateada-espada-y-escudo-espanol\" class=\"wc-block-grid__product-link\">\n\t\t\t\t\t\n\t\t\t\t\t<div class=\"wc-block-grid__product-image\"><img loading=\"lazy\" decoding=\"async\" width=\"324\" height=\"324\" src=\"https:\/\/pokegema.com\/wp-content\/uploads\/2026\/02\/Producto-2025-03-05T110202.999-324x324.png\" class=\"attachment-woocommerce_thumbnail size-woocommerce_thumbnail\" alt=\"Booster Box Tempestad Plateada Espada y Escudo (Espa\u00f1ol)\" srcset=\"https:\/\/pokegema.com\/wp-content\/uploads\/2026\/02\/Producto-2025-03-05T110202.999-324x324.png 324w, https:\/\/pokegema.com\/wp-content\/uploads\/2026\/02\/Producto-2025-03-05T110202.999-300x300.png 300w, https:\/\/pokegema.com\/wp-content\/uploads\/2026\/02\/Producto-2025-03-05T110202.999-150x150.png 150w, https:\/\/pokegema.com\/wp-content\/uploads\/2026\/02\/Producto-2025-03-05T110202.999-416x416.png 416w, https:\/\/pokegema.com\/wp-content\/uploads\/2026\/02\/Producto-2025-03-05T110202.999-100x100.png 100w, https:\/\/pokegema.com\/wp-content\/uploads\/2026\/02\/Producto-2025-03-05T110202.999.png 600w\" sizes=\"auto, (max-width: 324px) 100vw, 324px\" \/><\/div>\n\t\t\t\t\t<div class=\"wc-block-grid__product-title\">Booster Box Tempestad Plateada Espada y Escudo (Espa\u00f1ol)<\/div>\n\t\t\t\t<\/a>\n\t\t\t\t<div class=\"wc-block-grid__product-price price\"><span class=\"woocommerce-Price-amount amount\">289,95&nbsp;<span class=\"woocommerce-Price-currencySymbol\">&euro;<\/span><\/span> <small class=\"woocommerce-price-suffix\">Iva Incluido<\/small><\/div>\n\t\t\t\t\n\t\t\t\t<div class=\"wp-block-button wc-block-grid__product-add-to-cart\"><a href=\"\/index.php?rest_route=%2Fwp%2Fv2%2Fpages%2F6&#038;add-to-cart=119\" aria-label=\"A\u00f1adir al carrito: &ldquo;Booster Box Tempestad Plateada Espada y Escudo (Espa\u00f1ol)&rdquo;\" data-quantity=\"1\" data-product_id=\"119\" data-product_sku=\"\" data-price=\"289.95\" rel=\"nofollow\" class=\"wp-block-button__link  add_to_cart_button ajax_add_to_cart\">A\u00f1adir al carrito<\/a><\/div>\n\t\t\t<\/li><\/ul><\/div><\/div>\n<\/div>\n","protected":false},"excerpt":{"rendered":"","protected":false},"author":1,"featured_media":0,"parent":0,"menu_order":0,"comment_status":"closed","ping_status":"closed","template":"","meta":{"footnotes":""},"class_list":["post-6","page","type-page","status-publish","hentry"],"_links":{"self":[{"href":"https:\/\/pokegema.com\/index.php?rest_route=\/wp\/v2\/pages\/6","targetHints":{"allow":["GET"]}}],"collection":[{"href":"https:\/\/pokegema.com\/index.php?rest_route=\/wp\/v2\/pages"}],"about":[{"href":"https:\/\/pokegema.com\/index.php?rest_route=\/wp\/v2\/types\/page"}],"author":[{"embeddable":true,"href":"https:\/\/pokegema.com\/index.php?rest_route=\/wp\/v2\/users\/1"}],"replies":[{"embeddable":true,"href":"https:\/\/pokegema.com\/index.php?rest_route=%2Fwp%2Fv2%2Fcomments&post=6"}],"version-history":[{"count":4,"href":"https:\/\/pokegema.com\/index.php?rest_route=\/wp\/v2\/pages\/6\/revisions"}],"predecessor-version":[{"id":105,"href":"https:\/\/pokegema.com\/index.php?rest_route=\/wp\/v2\/pages\/6\/revisions\/105"}],"wp:attachment":[{"href":"https:\/\/pokegema.com\/index.php?rest_route=%2Fwp%2Fv2%2Fmedia&parent=6"}],"curies":[{"name":"wp","href":"https:\/\/api.w.org\/{rel}","templated":true}]}}