{"id":178,"date":"2026-04-11T02:29:34","date_gmt":"2026-04-11T01:29:34","guid":{"rendered":"https:\/\/pokegema.com\/?post_type=product&#038;p=178"},"modified":"2026-04-11T02:32:39","modified_gmt":"2026-04-11T01:32:39","slug":"booster-bundle-ascended-heroe","status":"publish","type":"product","link":"https:\/\/pokegema.com\/?product=booster-bundle-ascended-heroe","title":{"rendered":"Booster Bundle Ascended Heroe"},"content":{"rendered":"<p>Caja <strong data-start=\"5\" data-end=\"81\">Booster Bundle de Pok\u00e9mon TCG: Mega evoluci\u00f3n \u2013Ascended Heroe<\/strong>\u00a0que incluye <strong data-start=\"94\" data-end=\"119\">6 sobres de expansi\u00f3n<\/strong>, ideal para ampliar tu colecci\u00f3n y descubrir nuevas cartas de la serie. Formato compacto y sellado, perfecto tanto para jugadores como coleccionistas que buscan una apertura r\u00e1pida y variada.<\/p>\n","protected":false},"excerpt":{"rendered":"<p><strong data-start=\"94\" data-end=\"119\">-6 sobres de expansi\u00f3n de Pok\u00e9mon TCG: Mega Evoluci\u00f3n \u2013Ascended Heroe<\/strong><\/p>\n","protected":false},"featured_media":179,"comment_status":"open","ping_status":"closed","template":"","meta":[],"product_brand":[],"product_cat":[26],"product_tag":[36],"class_list":{"0":"post-178","1":"product","2":"type-product","3":"status-publish","4":"has-post-thumbnail","6":"product_cat-booster-box","7":"product_tag-booster-bundle-paldean-fates","9":"first","10":"outofstock","11":"taxable","12":"shipping-taxable","13":"purchasable","14":"product-type-simple"},"_links":{"self":[{"href":"https:\/\/pokegema.com\/index.php?rest_route=\/wp\/v2\/product\/178","targetHints":{"allow":["GET"]}}],"collection":[{"href":"https:\/\/pokegema.com\/index.php?rest_route=\/wp\/v2\/product"}],"about":[{"href":"https:\/\/pokegema.com\/index.php?rest_route=\/wp\/v2\/types\/product"}],"replies":[{"embeddable":true,"href":"https:\/\/pokegema.com\/index.php?rest_route=%2Fwp%2Fv2%2Fcomments&post=178"}],"wp:featuredmedia":[{"embeddable":true,"href":"https:\/\/pokegema.com\/index.php?rest_route=\/wp\/v2\/media\/179"}],"wp:attachment":[{"href":"https:\/\/pokegema.com\/index.php?rest_route=%2Fwp%2Fv2%2Fmedia&parent=178"}],"wp:term":[{"taxonomy":"product_brand","embeddable":true,"href":"https:\/\/pokegema.com\/index.php?rest_route=%2Fwp%2Fv2%2Fproduct_brand&post=178"},{"taxonomy":"product_cat","embeddable":true,"href":"https:\/\/pokegema.com\/index.php?rest_route=%2Fwp%2Fv2%2Fproduct_cat&post=178"},{"taxonomy":"product_tag","embeddable":true,"href":"https:\/\/pokegema.com\/index.php?rest_route=%2Fwp%2Fv2%2Fproduct_tag&post=178"}],"curies":[{"name":"wp","href":"https:\/\/api.w.org\/{rel}","templated":true}]}}